{"id":8,"date":"2016-02-18T14:59:06","date_gmt":"2016-02-18T14:59:06","guid":{"rendered":"https:\/\/lietaviete.wordpress.com\/contact\/"},"modified":"2022-03-03T10:48:36","modified_gmt":"2022-03-03T08:48:36","slug":"contact","status":"publish","type":"page","link":"https:\/\/ineselietaviete.lv\/index.php\/contact\/","title":{"rendered":"Kontakti"},"content":{"rendered":"\n<figure class=\"wp-block-table\"><table><tbody><tr><td><img decoding=\"async\" src=\"https:\/\/ineselietaviete.lv\/wp-content\/uploads\/2020\/04\/Eparaksts.jpg\" alt=\"\"><\/td><td><strong>Ineses Lietavietes KBT priv\u0101tpraks\u0113<\/strong> konsult\u0101cijas \u0161obr\u012bd notiek gan kl\u0101tien\u0113, gan att\u0101lin\u0101ti: Zoom \/ WhatsApp platform\u0101s.<br><br>Sazi\u0146ai: <strong>inese.lietaviete@gmail.com<\/strong> vai tel. <strong>27 868 494<\/strong><\/td><\/tr><\/tbody><\/table><\/figure>\n","protected":false},"excerpt":{"rendered":"<p>This is just a short excerpt for the contact&nbsp;page.<\/p>\n","protected":false},"author":1,"featured_media":0,"parent":0,"menu_order":2,"comment_status":"closed","ping_status":"closed","template":"","meta":{"footnotes":""},"class_list":["post-8","page","type-page","status-publish","hentry"],"jetpack_sharing_enabled":false,"_links":{"self":[{"href":"https:\/\/ineselietaviete.lv\/index.php\/wp-json\/wp\/v2\/pages\/8","targetHints":{"allow":["GET"]}}],"collection":[{"href":"https:\/\/ineselietaviete.lv\/index.php\/wp-json\/wp\/v2\/pages"}],"about":[{"href":"https:\/\/ineselietaviete.lv\/index.php\/wp-json\/wp\/v2\/types\/page"}],"author":[{"embeddable":true,"href":"https:\/\/ineselietaviete.lv\/index.php\/wp-json\/wp\/v2\/users\/1"}],"replies":[{"embeddable":true,"href":"https:\/\/ineselietaviete.lv\/index.php\/wp-json\/wp\/v2\/comments?post=8"}],"version-history":[{"count":7,"href":"https:\/\/ineselietaviete.lv\/index.php\/wp-json\/wp\/v2\/pages\/8\/revisions"}],"predecessor-version":[{"id":936,"href":"https:\/\/ineselietaviete.lv\/index.php\/wp-json\/wp\/v2\/pages\/8\/revisions\/936"}],"wp:attachment":[{"href":"https:\/\/ineselietaviete.lv\/index.php\/wp-json\/wp\/v2\/media?parent=8"}],"curies":[{"name":"wp","href":"https:\/\/api.w.org\/{rel}","templated":true}]}}